{"id":3044,"date":"2023-08-14T23:24:23","date_gmt":"2023-08-14T23:24:23","guid":{"rendered":"http:\/\/lecabinethermetique.com\/?page_id=3044"},"modified":"2024-05-09T15:39:41","modified_gmt":"2024-05-09T15:39:41","slug":"cursos","status":"publish","type":"page","link":"https:\/\/lecabinethermetique.com\/en\/cursos\/","title":{"rendered":"Courses"},"content":{"rendered":"<div class=\"fusion-fullwidth fullwidth-box fusion-builder-row-1 fusion-flex-container has-pattern-background has-mask-background nonhundred-percent-fullwidth non-hundred-percent-height-scrolling\" style=\"--awb-border-radius-top-left:0px;--awb-border-radius-top-right:0px;--awb-border-radius-bottom-right:0px;--awb-border-radius-bottom-left:0px;--awb-padding-top:0px;--awb-padding-right:30px;--awb-padding-bottom:30px;--awb-padding-left:30px;--awb-background-color:#ebebeb;--awb-background-image:linear-gradient(180deg, var(--awb-color2) 0%,var(--awb-color2) 100%);--awb-flex-wrap:wrap;\" ><div class=\"fusion-builder-row fusion-row fusion-flex-align-items-flex-start fusion-flex-content-wrap\" style=\"max-width:1248px;margin-left: calc(-4% \/ 2 );margin-right: calc(-4% \/ 2 );\"><div class=\"fusion-layout-column fusion_builder_column fusion-builder-column-0 fusion_builder_column_1_1 1_1 fusion-flex-column\" style=\"--awb-padding-top:32px;--awb-padding-bottom:30px;--awb-bg-image:url(&#039;http:\/\/lecabinethermetique.com\/wp-content\/uploads\/2023\/08\/bg4.png&#039;);--awb-bg-position:center top;--awb-bg-size:20%;--awb-bg-size-medium:20%;--awb-bg-size-small:40%;--awb-width-large:100%;--awb-margin-top-large:0px;--awb-spacing-right-large:1.92%;--awb-margin-bottom-large:20px;--awb-spacing-left-large:1.92%;--awb-width-medium:100%;--awb-order-medium:0;--awb-spacing-right-medium:1.92%;--awb-spacing-left-medium:1.92%;--awb-width-small:100%;--awb-order-small:0;--awb-margin-top-small:16px;--awb-spacing-right-small:1.92%;--awb-spacing-left-small:1.92%;\" data-scroll-devices=\"small-visibility,medium-visibility,large-visibility\"><div class=\"fusion-column-wrapper fusion-column-has-shadow fusion-flex-justify-content-flex-start fusion-content-layout-column fusion-column-has-bg-image\" data-bg-url=\"http:\/\/lecabinethermetique.com\/wp-content\/uploads\/2023\/08\/bg4.png\"><div class=\"fusion-title title fusion-title-1 fusion-sep-none fusion-title-center fusion-title-text fusion-title-size-one\" style=\"--awb-text-color:#000000;--awb-margin-top:98px;--awb-margin-bottom:32px;--awb-margin-top-small:32px;--awb-margin-top-medium:52px;--awb-font-size:32px;\"><h1 class=\"fusion-title-heading title-heading-center\" style=\"font-family:&quot;Libre Baskerville&quot;;font-style:normal;font-weight:700;margin:0;font-size:1em;\">Courses<\/h1><\/div><div class=\"fusion-blog-shortcode fusion-blog-shortcode-1 fusion-blog-archive fusion-blog-layout-medium fusion-blog-infinite\" style=\"margin-top:82px;--awb-title-font-size:var(--awb-typography2-font-size);--awb-title-line-height:var(--awb-typography2-line-height);--awb-title-letter-spacing:var(--awb-typography2-letter-spacing);--awb-title-text-transform:var(--awb-typography2-text-transform);--awb-title-font-family:var(--awb-typography2-font-family);--awb-title-font-weight:var(--awb-typography2-font-weight);--awb-title-font-style:var(--awb-typography2-font-style);\"><div class=\"fusion-posts-container fusion-posts-container-infinite fusion-blog-rollover\" data-pages=\"1\"><article id=\"blog-1-post-4353\" class=\"fusion-post-medium post-4353 post type-post status-publish format-standard has-post-thumbnail hentry category-cursos tag-ableton tag-musica-de-baile tag-musica-electronica\">\n\t<style type=\"text\/css\">\n\t\t\n\t\t\n\t\t\n\t\t\n\t\t\t<\/style>\n\n\n\t\t\t<div class=\"fusion-flexslider flexslider fusion-flexslider-loading fusion-post-slideshow\" style=\"\">\n\t\t<ul class=\"slides\">\n\t\t\t\n\t\t\t\t\t\t\t\t\t\t\t\t\t\t<li><div  class=\"fusion-image-wrapper fusion-image-size-fixed\" aria-haspopup=\"true\">\n\t\t\t\t<img decoding=\"async\" width=\"320\" height=\"202\" src=\"https:\/\/lecabinethermetique.com\/wp-content\/uploads\/2023\/08\/screenshot_4b608be7-0ece-4b07-9c06-5ba45468de7b_1024x1024@2x-320x202.webp\" class=\"attachment-blog-medium size-blog-medium wp-post-image\" alt=\"\" srcset=\"https:\/\/lecabinethermetique.com\/wp-content\/uploads\/2023\/08\/screenshot_4b608be7-0ece-4b07-9c06-5ba45468de7b_1024x1024@2x-320x202.webp 320w, https:\/\/lecabinethermetique.com\/wp-content\/uploads\/2023\/08\/screenshot_4b608be7-0ece-4b07-9c06-5ba45468de7b_1024x1024@2x-700x441.webp 700w\" sizes=\"(max-width: 320px) 100vw, 320px\" \/><div class=\"fusion-rollover\">\n\t<div class=\"fusion-rollover-content\">\n\n\t\t\t\t\t\t\t\t\t\t\t\t\t\t<a class=\"fusion-rollover-link\" href=\"https:\/\/lecabinethermetique.com\/en\/fundamentos-musica-electronica-baile-ableton\/\">Electronic Dance Music with Ableton 101<\/a>\n\t\t\t\n\t\t\t\t\t\t\t\t\t\t\t\t\t\t\n\t\t\t\t\t\t\t\t\n\t\t\t\t\t\t\t\t\t\t\t\t\t<div class=\"fusion-rollover-sep\"><\/div>\n\t\t\t\t\n\t\t\t\t\t\t\t\t\t\t\t\t\t\t\t\t\t\t<a class=\"fusion-rollover-gallery\" href=\"https:\/\/lecabinethermetique.com\/wp-content\/uploads\/2023\/08\/screenshot_4b608be7-0ece-4b07-9c06-5ba45468de7b_1024x1024@2x.webp\" data-id=\"4353\" data-rel=\"iLightbox[gallery4353]\" data-title=\"screenshot_4b608be7-0ece-4b07-9c06-5ba45468de7b_1024x1024@2x\" data-caption=\"\">\n\t\t\t\t\t\tGallery\t\t\t\t\t<\/a>\n\t\t\t\t\t<div class=\"fusion-portfolio-gallery-hidden\"><\/div>\t\t\t\t\t\t\t\t\t\n\t\t\n\t\t\t\t\t\t\t\t\t\t\t\t<h4 class=\"fusion-rollover-title\">\n\t\t\t\t\t<a class=\"fusion-rollover-title-link\" href=\"https:\/\/lecabinethermetique.com\/en\/fundamentos-musica-electronica-baile-ableton\/\">\n\t\t\t\t\t\tElectronic Dance Music with Ableton 101\t\t\t\t\t<\/a>\n\t\t\t\t<\/h4>\n\t\t\t\n\t\t\t\t\t\t\t\t\t\t<div class=\"fusion-rollover-categories\"><a href=\"https:\/\/lecabinethermetique.com\/en\/category\/cursos\/\" rel=\"tag\">Courses<\/a><\/div>\t\t\t\t\t\n\t\t\n\t\t\t\t\t\t<a class=\"fusion-link-wrapper\" href=\"https:\/\/lecabinethermetique.com\/en\/fundamentos-musica-electronica-baile-ableton\/\" aria-label=\"Electronic Dance Music with Ableton 101\"><\/a>\n\t<\/div>\n<\/div>\n<\/div>\n<\/li>\n\t\t\t\n\t\t\t\n\t\t\t\t\t\t\t\t\t\t\t\t\t\t\t\t\t\t\t\t\t\t\t\t\t\t\t\t\t\t\t\t\t\t\t\t\t\t\t\t\t\t\t\t\t\t\t\t\t\t\t\t\t\t\t\t\t\t\t\t\t\t\t\t\t\t\t\t\t\t\t\t\t\t\t\t\t\t\t\t\t\t\t<\/ul>\n\t<\/div>\n\t<div class=\"fusion-post-content post-content\"><h2 class=\"blog-shortcode-post-title entry-title\"><a href=\"https:\/\/lecabinethermetique.com\/en\/fundamentos-musica-electronica-baile-ableton\/\">Electronic Dance Music with Ableton 101<\/a><\/h2><\/div><div class=\"fusion-clearfix\"><\/div><div class=\"fusion-meta-info\"><div class=\"fusion-alignleft\"><span class=\"vcard\" style=\"display: none;\"><span class=\"fn\"><a href=\"https:\/\/lecabinethermetique.com\/en\/author\/e507027684\/\" title=\"Posts by lecabinethermetique\" rel=\"author\">lecabinethermetique<\/a><\/span><\/span><span class=\"updated\" style=\"display:none;\">2024-05-09T14:51:48+00:00<\/span>Categories: <a href=\"https:\/\/lecabinethermetique.com\/en\/category\/cursos\/\" rel=\"category tag\">Courses<\/a><span class=\"fusion-inline-sep\">|<\/span><span class=\"meta-tags\">Tags: <a href=\"https:\/\/lecabinethermetique.com\/en\/tag\/ableton\/\" rel=\"tag\">Ableton<\/a>, <a href=\"https:\/\/lecabinethermetique.com\/en\/tag\/musica-de-baile\/\" rel=\"tag\">M\u00fasica de baile<\/a>, <a href=\"https:\/\/lecabinethermetique.com\/en\/tag\/musica-electronica\/\" rel=\"tag\">M\u00fasica electr\u00f3nica<\/a><\/span><span class=\"fusion-inline-sep\">|<\/span><span class=\"fusion-comments\"><span>Comments Off<span class=\"screen-reader-text\"> on Fundamentos de m\u00fasica electr\u00f3nica de baile con Ableton<\/span><\/span><\/span><\/div><div class=\"fusion-alignright\"><a class=\"fusion-read-more\" href=\"https:\/\/lecabinethermetique.com\/en\/fundamentos-musica-electronica-baile-ableton\/\" aria-label=\"More on Fundamentos de m\u00fasica electr\u00f3nica de baile con Ableton\">Read More<\/a><\/div><\/div><\/article>\n<article id=\"blog-1-post-4282\" class=\"fusion-post-medium post-4282 post type-post status-publish format-standard has-post-thumbnail hentry category-cursos tag-curso tag-diseno-sonoro tag-musica-electronica\">\n\t<style type=\"text\/css\">\n\t\t\n\t\t\n\t\t\n\t\t\n\t\t\t<\/style>\n\n\n\t\t\t<div class=\"fusion-flexslider flexslider fusion-flexslider-loading fusion-post-slideshow\" style=\"\">\n\t\t<ul class=\"slides\">\n\t\t\t\n\t\t\t\t\t\t\t\t\t\t\t\t\t\t<li><div  class=\"fusion-image-wrapper fusion-image-size-fixed\" aria-haspopup=\"true\">\n\t\t\t\t<img decoding=\"async\" width=\"320\" height=\"202\" src=\"https:\/\/lecabinethermetique.com\/wp-content\/uploads\/2017\/06\/Best-Sound-Design-Apps-HERO-NEW@2000x1500-320x202.jpg\" class=\"attachment-blog-medium size-blog-medium wp-post-image\" alt=\"\" srcset=\"https:\/\/lecabinethermetique.com\/wp-content\/uploads\/2017\/06\/Best-Sound-Design-Apps-HERO-NEW@2000x1500-320x202.jpg 320w, https:\/\/lecabinethermetique.com\/wp-content\/uploads\/2017\/06\/Best-Sound-Design-Apps-HERO-NEW@2000x1500-700x441.jpg 700w\" sizes=\"(max-width: 320px) 100vw, 320px\" \/><div class=\"fusion-rollover\">\n\t<div class=\"fusion-rollover-content\">\n\n\t\t\t\t\t\t\t\t\t\t\t\t\t\t<a class=\"fusion-rollover-link\" href=\"https:\/\/lecabinethermetique.com\/en\/nuevo-curso-diseno-sonoro-para-musica-electronica\/\">Sound Design for Electronic Music<\/a>\n\t\t\t\n\t\t\t\t\t\t\t\t\t\t\t\t\t\t\n\t\t\t\t\t\t\t\t\n\t\t\t\t\t\t\t\t\t\t\t\t\t<div class=\"fusion-rollover-sep\"><\/div>\n\t\t\t\t\n\t\t\t\t\t\t\t\t\t\t\t\t\t\t\t\t\t\t<a class=\"fusion-rollover-gallery\" href=\"https:\/\/lecabinethermetique.com\/wp-content\/uploads\/2017\/06\/Best-Sound-Design-Apps-HERO-NEW@2000x1500.jpg\" data-id=\"4282\" data-rel=\"iLightbox[gallery4282]\" data-title=\"Best-Sound-Design-Apps-HERO-NEW@2000x1500\" data-caption=\"\">\n\t\t\t\t\t\tGallery\t\t\t\t\t<\/a>\n\t\t\t\t\t<div class=\"fusion-portfolio-gallery-hidden\"><\/div>\t\t\t\t\t\t\t\t\t\n\t\t\n\t\t\t\t\t\t\t\t\t\t\t\t<h4 class=\"fusion-rollover-title\">\n\t\t\t\t\t<a class=\"fusion-rollover-title-link\" href=\"https:\/\/lecabinethermetique.com\/en\/nuevo-curso-diseno-sonoro-para-musica-electronica\/\">\n\t\t\t\t\t\tSound Design for Electronic Music\t\t\t\t\t<\/a>\n\t\t\t\t<\/h4>\n\t\t\t\n\t\t\t\t\t\t\t\t\t\t<div class=\"fusion-rollover-categories\"><a href=\"https:\/\/lecabinethermetique.com\/en\/category\/cursos\/\" rel=\"tag\">Courses<\/a><\/div>\t\t\t\t\t\n\t\t\n\t\t\t\t\t\t<a class=\"fusion-link-wrapper\" href=\"https:\/\/lecabinethermetique.com\/en\/nuevo-curso-diseno-sonoro-para-musica-electronica\/\" aria-label=\"Sound Design for Electronic Music\"><\/a>\n\t<\/div>\n<\/div>\n<\/div>\n<\/li>\n\t\t\t\n\t\t\t\n\t\t\t\t\t\t\t\t\t\t\t\t\t\t\t\t\t\t\t\t\t\t\t\t\t\t\t\t\t\t\t\t\t\t\t\t\t\t\t\t\t\t\t\t\t\t\t\t\t\t\t\t\t\t\t\t\t\t\t\t\t\t\t\t\t\t\t\t\t\t\t\t\t\t\t\t\t\t\t\t\t\t\t<\/ul>\n\t<\/div>\n\t<div class=\"fusion-post-content post-content\"><h2 class=\"blog-shortcode-post-title entry-title\"><a href=\"https:\/\/lecabinethermetique.com\/en\/nuevo-curso-diseno-sonoro-para-musica-electronica\/\">Sound Design for Electronic Music<\/a><\/h2><\/div><div class=\"fusion-clearfix\"><\/div><div class=\"fusion-meta-info\"><div class=\"fusion-alignleft\"><span class=\"vcard\" style=\"display: none;\"><span class=\"fn\"><a href=\"https:\/\/lecabinethermetique.com\/en\/author\/e507027684\/\" title=\"Posts by lecabinethermetique\" rel=\"author\">lecabinethermetique<\/a><\/span><\/span><span class=\"updated\" style=\"display:none;\">2024-05-21T16:46:28+00:00<\/span>Categories: <a href=\"https:\/\/lecabinethermetique.com\/en\/category\/cursos\/\" rel=\"category tag\">Courses<\/a><span class=\"fusion-inline-sep\">|<\/span><span class=\"meta-tags\">Tags: <a href=\"https:\/\/lecabinethermetique.com\/en\/tag\/curso\/\" rel=\"tag\">curso<\/a>, <a href=\"https:\/\/lecabinethermetique.com\/en\/tag\/diseno-sonoro\/\" rel=\"tag\">dise\u00f1o sonoro<\/a>, <a href=\"https:\/\/lecabinethermetique.com\/en\/tag\/musica-electronica\/\" rel=\"tag\">M\u00fasica electr\u00f3nica<\/a><\/span><span class=\"fusion-inline-sep\">|<\/span><span class=\"fusion-comments\"><a href=\"https:\/\/lecabinethermetique.com\/en\/nuevo-curso-diseno-sonoro-para-musica-electronica\/#comments\">1 Comment<\/a><\/span><\/div><div class=\"fusion-alignright\"><a class=\"fusion-read-more\" href=\"https:\/\/lecabinethermetique.com\/en\/nuevo-curso-diseno-sonoro-para-musica-electronica\/\" aria-label=\"More on Dise\u00f1o sonoro para m\u00fasica electr\u00f3nica\">Read More<\/a><\/div><\/div><\/article>\n<\/div><\/div><\/div><\/div><\/div><\/div>","protected":false},"excerpt":{"rendered":"","protected":false},"author":1,"featured_media":0,"parent":0,"menu_order":0,"comment_status":"closed","ping_status":"closed","template":"100-width.php","meta":{"footnotes":""},"class_list":["post-3044","page","type-page","status-publish","hentry"],"_links":{"self":[{"href":"https:\/\/lecabinethermetique.com\/en\/wp-json\/wp\/v2\/pages\/3044"}],"collection":[{"href":"https:\/\/lecabinethermetique.com\/en\/wp-json\/wp\/v2\/pages"}],"about":[{"href":"https:\/\/lecabinethermetique.com\/en\/wp-json\/wp\/v2\/types\/page"}],"author":[{"embeddable":true,"href":"https:\/\/lecabinethermetique.com\/en\/wp-json\/wp\/v2\/users\/1"}],"replies":[{"embeddable":true,"href":"https:\/\/lecabinethermetique.com\/en\/wp-json\/wp\/v2\/comments?post=3044"}],"version-history":[{"count":0,"href":"https:\/\/lecabinethermetique.com\/en\/wp-json\/wp\/v2\/pages\/3044\/revisions"}],"wp:attachment":[{"href":"https:\/\/lecabinethermetique.com\/en\/wp-json\/wp\/v2\/media?parent=3044"}],"curies":[{"name":"wp","href":"https:\/\/api.w.org\/{rel}","templated":true}]}}