{"id":4212,"date":"2023-09-13T11:20:12","date_gmt":"2023-09-13T11:20:12","guid":{"rendered":"http:\/\/lecabinethermetique.com\/?page_id=4212"},"modified":"2024-05-08T10:29:05","modified_gmt":"2024-05-08T10:29:05","slug":"aviso-legal","status":"publish","type":"page","link":"https:\/\/lecabinethermetique.com\/en\/aviso-legal\/","title":{"rendered":"Aviso legal"},"content":{"rendered":"<div class=\"fusion-fullwidth fullwidth-box fusion-builder-row-1 fusion-flex-container has-pattern-background has-mask-background nonhundred-percent-fullwidth non-hundred-percent-height-scrolling\" style=\"--awb-background-position:left top;--awb-border-sizes-top:0px;--awb-border-sizes-bottom:0px;--awb-border-sizes-left:0px;--awb-border-sizes-right:0px;--awb-border-radius-top-left:0px;--awb-border-radius-top-right:0px;--awb-border-radius-bottom-right:0px;--awb-border-radius-bottom-left:0px;--awb-padding-top:0px;--awb-padding-right:30px;--awb-padding-bottom:30px;--awb-padding-left:30px;--awb-background-color:var(--awb-color2);--awb-background-image:linear-gradient(180deg, var(--awb-color2) 0%,var(--awb-color2) 100%);--awb-flex-wrap:wrap;\" ><div class=\"fusion-builder-row fusion-row fusion-flex-align-items-flex-start fusion-flex-justify-content-center fusion-flex-content-wrap\" style=\"max-width:1248px;margin-left: calc(-4% \/ 2 );margin-right: calc(-4% \/ 2 );\"><div class=\"fusion-layout-column fusion_builder_column fusion-builder-column-0 fusion_builder_column_1_1 1_1 fusion-flex-column fusion-flex-align-self-flex-start fusion-column-no-min-height\" style=\"--awb-padding-top:30px;--awb-padding-bottom:30px;--awb-bg-color:var(--awb-color2);--awb-bg-color-hover:var(--awb-color2);--awb-bg-size:cover;--awb-width-large:100%;--awb-margin-top-large:0px;--awb-spacing-right-large:1.92%;--awb-margin-bottom-large:20px;--awb-spacing-left-large:1.92%;--awb-width-medium:100%;--awb-order-medium:0;--awb-spacing-right-medium:1.92%;--awb-spacing-left-medium:1.92%;--awb-width-small:100%;--awb-order-small:0;--awb-spacing-right-small:1.92%;--awb-spacing-left-small:1.92%;\" data-scroll-devices=\"small-visibility,medium-visibility,large-visibility\"><div class=\"fusion-column-wrapper fusion-column-has-shadow fusion-flex-justify-content-flex-start fusion-content-layout-column\"><div class=\"fusion-title title fusion-title-1 fusion-sep-none fusion-title-center fusion-title-text fusion-title-size-one\" style=\"--awb-text-color:#000000;--awb-margin-top:32px;--awb-margin-bottom:42px;--awb-margin-top-small:32px;--awb-margin-bottom-small:42px;--awb-margin-top-medium:32px;--awb-margin-bottom-medium:42px;--awb-font-size:32px;\"><h1 class=\"fusion-title-heading title-heading-center\" style=\"font-family:&quot;Libre Baskerville&quot;;font-style:normal;font-weight:700;margin:0;font-size:1em;text-transform:var(--awb-typography1-text-transform);\">Disclaimer<\/h1><\/div><div class=\"fusion-text fusion-text-1\" style=\"--awb-content-alignment:justify;--awb-font-size:14px;--awb-line-height:var(--awb-typography4-line-height);--awb-letter-spacing:var(--awb-typography4-letter-spacing);--awb-text-transform:var(--awb-typography4-text-transform);--awb-text-font-family:var(--awb-typography4-font-family);--awb-text-font-weight:var(--awb-typography4-font-weight);--awb-text-font-style:var(--awb-typography4-font-style);\"><p>El contenido de esta comunicaci\u00f3n, as\u00ed como el de toda la documentaci\u00f3n anexa, es confidencial y est\u00e1 dirigido \u00fanica y exclusivamente al destinatario de la misma. Podr\u00e1 contener informaci\u00f3n confidencial sujeta a secreto profesional o, cuya divulgaci\u00f3n, copia o distribuci\u00f3n a terceros sin la autorizaci\u00f3n previa por escrito de LE CABINET HERMETIQUE est\u00e1 prohibida, seg\u00fan la legislaci\u00f3n vigente. En el caso de que no fuese el destinatario, le pedimos que lo indique y no comunique su contenido a terceros, procediendo a su destrucci\u00f3n.<\/p>\n<p>LE CABINET HERMETIQUE En cumplimiento de la Ley 34\/2002 de servicios de la sociedad de la informaci\u00f3n y comercio electr\u00f3nico (LSSI-CE), as\u00ed como lo dispuesto en el Reglamento general de protecci\u00f3n de datos (UE) 2016\/679 y otra legislaci\u00f3n concordante, informa que los datos contenidos en esta comunicaci\u00f3n, as\u00ed como otros datos personales proporcionados, se incluyen en un sistema de tratamiento automatizado cuyo responsable es LE CABINET HERMETIQUE con direcci\u00f3n postal para efectos de notificaci\u00f3n en la calle Caunedo, 36, CP: 28037 Madrid.<\/p>\n<p>Los datos personales que tenemos est\u00e1n protegidos por nuestra Pol\u00edtica de privacidad y se utilizar\u00e1n para gestionar correctamente nuestra relaci\u00f3n comercial, mantenerle informado de nuestros productos y servicios actuales o futuros, adem\u00e1s de gestionar la lista de contactos de nuestra empresa. Los datos no se transferir\u00e1n a terceros excepto en los casos en que exista una obligaci\u00f3n legal. Si lo desea, puede ejercer en cualquier momento el derecho de acceso, rectificaci\u00f3n, oposici\u00f3n, limitaci\u00f3n del tratamiento, supresi\u00f3n, cancelaci\u00f3n y \/ o portabilidad escribiendo a: LE CABINET HERMETIQUE o por correo electr\u00f3nico a: <a href=\"mailto:info@lecabinethermetique.com\">info@lecabinethermetique.com<\/a> indicando la opci\u00f3n a realizar.<\/p>\n<\/div><\/div><\/div><\/div><\/div>","protected":false},"excerpt":{"rendered":"","protected":false},"author":1,"featured_media":0,"parent":0,"menu_order":0,"comment_status":"closed","ping_status":"closed","template":"100-width.php","meta":{"footnotes":""},"class_list":["post-4212","page","type-page","status-publish","hentry"],"_links":{"self":[{"href":"https:\/\/lecabinethermetique.com\/en\/wp-json\/wp\/v2\/pages\/4212"}],"collection":[{"href":"https:\/\/lecabinethermetique.com\/en\/wp-json\/wp\/v2\/pages"}],"about":[{"href":"https:\/\/lecabinethermetique.com\/en\/wp-json\/wp\/v2\/types\/page"}],"author":[{"embeddable":true,"href":"https:\/\/lecabinethermetique.com\/en\/wp-json\/wp\/v2\/users\/1"}],"replies":[{"embeddable":true,"href":"https:\/\/lecabinethermetique.com\/en\/wp-json\/wp\/v2\/comments?post=4212"}],"version-history":[{"count":0,"href":"https:\/\/lecabinethermetique.com\/en\/wp-json\/wp\/v2\/pages\/4212\/revisions"}],"wp:attachment":[{"href":"https:\/\/lecabinethermetique.com\/en\/wp-json\/wp\/v2\/media?parent=4212"}],"curies":[{"name":"wp","href":"https:\/\/api.w.org\/{rel}","templated":true}]}}